{"id":3,"date":"2022-08-31T19:13:23","date_gmt":"2022-08-31T17:13:23","guid":{"rendered":"https:\/\/newolympicsavate.fr\/?page_id=3"},"modified":"2024-12-20T19:32:43","modified_gmt":"2024-12-20T18:32:43","slug":"politique-de-confidentialite","status":"publish","type":"page","link":"https:\/\/newolympicsavate.fr\/?page_id=3","title":{"rendered":"Politique de confidentialit\u00e9"},"content":{"rendered":"\n<h2 class=\"wp-block-heading\">Qui sommes-nous&nbsp;?<\/h2>\n\n\n\n<p><strong>Nom de l&rsquo;association<\/strong> : New Olympic Savate<\/p>\n\n\n\n<p><strong>Coordonn\u00e9es<\/strong> : 131 rue Alexis Perroncel, 69100 Villeurbanne &#8211; ericnos@icloud.com &#8211; 04 78 03 80 77 \/ 06 82 34 39 05<\/p>\n\n\n\n<p><strong class=\"privacy-policy-tutorial\">H\u00e9bergement : <\/strong>L\u2019adresse de notre site est la suivante&nbsp;: https:\/\/newolympicsavate.fr. Il est h\u00e9berg\u00e9 par la soci\u00e9t\u00e9 <a rel=\"noreferrer noopener\" href=\"https:\/\/www.ovhcloud.com\/fr\/\" data-type=\"URL\" data-id=\"https:\/\/www.ovhcloud.com\/fr\/\" target=\"_blank\">OVH<\/a>, 2 rue Kellermann &#8211; 59100 Roubaix &#8211; France.<\/p>\n\n\n\n<h2 class=\"wp-block-heading\">Contenu embarqu\u00e9 depuis d\u2019autres sites<\/h2>\n\n\n\n<p>Les articles ou les pages de ce site peuvent inclure des contenus int\u00e9gr\u00e9s (par exemple des vid\u00e9os, images, articles, cartes, \u2026). Le contenu int\u00e9gr\u00e9 depuis d\u2019autres sites se comporte de la m\u00eame mani\u00e8re que si le visiteur se rendait sur cet autre site.<\/p>\n\n\n\n<p>Ces sites web pourraient collecter des donn\u00e9es sur vous, utiliser des cookies, embarquer des outils de suivis tiers, suivre vos interactions avec ces contenus embarqu\u00e9s si vous disposez d\u2019un compte connect\u00e9 sur leur site web.<\/p>\n\n\n\n<h2 class=\"wp-block-heading\">Formulaire de contact &#8211; Akismet anti spam &amp; Google reCAPTCHA<\/h2>\n\n\n\n<p>Ce site web utilise la protection contre le spam avec le service <a rel=\"noreferrer noopener\" href=\"https:\/\/automattic.com\/privacy\/?utm_source=akismet&amp;utm_medium=automattic_referred&amp;utm_campaign=privacy_page\" data-type=\"URL\" data-id=\"https:\/\/automattic.com\/privacy\/?utm_source=akismet&amp;utm_medium=automattic_referred&amp;utm_campaign=privacy_page\" target=\"_blank\">Akismet<\/a>. Lorsque vous utilisez notre <a rel=\"noreferrer noopener\" href=\"https:\/\/newolympicsavate.fr\/?page_id=8\" data-type=\"URL\" data-id=\"https:\/\/newolympicsavate.fr\/?page_id=8\" target=\"_blank\">formulaire de contact<\/a>, des informations sont collect\u00e9es et envoy\u00e9es aux serveurs d&rsquo;Akismet pour lutter contre le spam.<\/p>\n\n\n\n<p> Ces informations comprennent notamment : le nom renseign\u00e9 dans le champ \u00ab\u00a0Votre nom\u00a0\u00bb, l&rsquo;adresse mail renseign\u00e9e dans le champ \u00ab\u00a0Votre e-mail\u00a0\u00bb, l\u2019agent utilisateur, l\u2019adresse IP de l&rsquo;utilisateur, le r\u00e9f\u00e9rent et l\u2019URL du site.<\/p>\n\n\n\n<p>En plus de la solution Akismet, ce site utilise la protection reCAPTCHA de Google. <a href=\"https:\/\/policies.google.com\/privacy\" data-type=\"link\" data-id=\"https:\/\/policies.google.com\/privacy\" target=\"_blank\" rel=\"noreferrer noopener\">Politique de confidentialit\u00e9<\/a> et <a href=\"https:\/\/policies.google.com\/terms\" data-type=\"link\" data-id=\"https:\/\/policies.google.com\/terms\" target=\"_blank\" rel=\"noreferrer noopener\">Conditions d&rsquo;utilisation<\/a> du service.<\/p>\n\n\n\n<p>Les informations renseign\u00e9es dans le formulaire de contact ont pour unique but de pouvoir vous r\u00e9pondre.<\/p>\n\n\n\n<h2 class=\"wp-block-heading\">Mesure de statistiques du site &#8211; Matomo Analytics<\/h2>\n\n\n\n<p>Ce site web utilise le suivi de statistiques Matomo Analytics. Les cookies de suivi sont d\u00e9sactiv\u00e9s ainsi que le suivi du contenu. Vous avez la possibilit\u00e9 de vous d\u00e9sengager du suivi en d\u00e9cochant la case ci-dessous. <\/p>\n\n\n<p id=\"matomo_opted_out_intro\" style=\"display:none;\">Opt-out complete; your visits to this website will not be recorded by the Web Analytics tool. Note that if you clear your cookies, delete the opt-out cookie, or if you change computers or Web browsers, you will need to perform the opt-out procedure again.<\/p><p id=\"matomo_opted_in_intro\" >You may choose to prevent this website from aggregating and analyzing the actions you take here. Doing so will protect your privacy, but will also prevent the owner from learning from your actions and creating a better experience for you and other users.<\/p><form>\n        <input type=\"checkbox\" id=\"matomo_optout_checkbox\" checked=\"checked\"\/>\n        <label for=\"matomo_optout_checkbox\"><strong>\n        <span id=\"matomo_opted_in_label\" >You are not opted out. Uncheck this box to opt-out.<\/span>\n\t\t<span id=\"matomo_opted_out_label\" style=\"display:none;\">You are currently opted out. Check this box to opt-in.<\/span>\n        <\/strong><\/label><\/form><noscript><p><strong style=\"color: #ff0000;\">This opt out feature requires JavaScript.<\/strong><\/p><\/noscript><p id=\"matomo_outout_err_cookies\" style=\"display: none;\"><strong>The tracking opt-out feature requires cookies to be enabled.<\/strong><\/p>\n\n\n\n<h2 class=\"wp-block-heading\">Les droits que vous avez sur vos donn\u00e9es<\/h2>\n\n\n\n<p>Vous pouvez demander la suppression des donn\u00e9es personnelles vous concernant. Cela ne prend pas en compte les donn\u00e9es stock\u00e9es \u00e0 des fins administratives, l\u00e9gales ou pour des raisons de s\u00e9curit\u00e9.<\/p>\n","protected":false},"excerpt":{"rendered":"<p>Qui sommes-nous&nbsp;? Nom de l&rsquo;association : New Olympic Savate Coordonn\u00e9es : 131 rue Alexis Perroncel, 69100 Villeurbanne &#8211; ericnos@icloud.com &#8211; 04 78 03 80 77 \/ 06 82 34 39 05 H\u00e9bergement : L\u2019adresse de notre site est la suivante&nbsp;: https:\/\/newolympicsavate.fr. Il est h\u00e9berg\u00e9 par la soci\u00e9t\u00e9 OVH, 2 rue Kellermann &#8211; 59100 Roubaix &#8211; &hellip; <\/p>\n<p class=\"link-more\"><a href=\"https:\/\/newolympicsavate.fr\/?page_id=3\" class=\"more-link\">Lire la suite de<span class=\"screen-reader-text\">\u00ab\u00a0Politique de confidentialit\u00e9\u00a0\u00bb<\/span><\/a><\/p>\n","protected":false},"author":1,"featured_media":0,"parent":0,"menu_order":0,"comment_status":"closed","ping_status":"open","template":"","meta":{"ngg_post_thumbnail":0,"footnotes":""},"class_list":["post-3","page","type-page","status-publish","hentry"],"_links":{"self":[{"href":"https:\/\/newolympicsavate.fr\/index.php?rest_route=\/wp\/v2\/pages\/3","targetHints":{"allow":["GET"]}}],"collection":[{"href":"https:\/\/newolympicsavate.fr\/index.php?rest_route=\/wp\/v2\/pages"}],"about":[{"href":"https:\/\/newolympicsavate.fr\/index.php?rest_route=\/wp\/v2\/types\/page"}],"author":[{"embeddable":true,"href":"https:\/\/newolympicsavate.fr\/index.php?rest_route=\/wp\/v2\/users\/1"}],"replies":[{"embeddable":true,"href":"https:\/\/newolympicsavate.fr\/index.php?rest_route=%2Fwp%2Fv2%2Fcomments&post=3"}],"version-history":[{"count":23,"href":"https:\/\/newolympicsavate.fr\/index.php?rest_route=\/wp\/v2\/pages\/3\/revisions"}],"predecessor-version":[{"id":1160,"href":"https:\/\/newolympicsavate.fr\/index.php?rest_route=\/wp\/v2\/pages\/3\/revisions\/1160"}],"wp:attachment":[{"href":"https:\/\/newolympicsavate.fr\/index.php?rest_route=%2Fwp%2Fv2%2Fmedia&parent=3"}],"curies":[{"name":"wp","href":"https:\/\/api.w.org\/{rel}","templated":true}]}}