{"id":7,"date":"2022-08-31T19:17:51","date_gmt":"2022-08-31T17:17:51","guid":{"rendered":"https:\/\/newolympicsavate.fr\/?page_id=7"},"modified":"2025-08-27T14:56:09","modified_gmt":"2025-08-27T12:56:09","slug":"about","status":"publish","type":"page","link":"https:\/\/newolympicsavate.fr\/?page_id=7","title":{"rendered":"Le club"},"content":{"rendered":"\n<p>Durant la saison New Olympic savate vous propose des cours de savate boxe fran\u00e7aise et kickboxing.<\/p>\n\n\n\n<p>Les s\u00e9ances sont ouvertes \u00e0 tous selon les niveaux :<\/p>\n\n\n\n<ul class=\"wp-block-list\">\n<li><strong>L&rsquo;initiation<\/strong> : pour d\u00e9couvrir les rudiments de la boxe fran\u00e7aise<\/li>\n\n\n\n<li><strong>Les cours loisirs et d\u00e9butants<\/strong> boxe fran\u00e7aise<\/li>\n\n\n\n<li><strong>Les cours pour les comp\u00e9titeurs<\/strong><\/li>\n\n\n\n<li><strong>Les cours pour les \u00ab\u00a0anciens\u00a0\u00bb et comp\u00e9titeurs<\/strong><\/li>\n<\/ul>\n\n\n\n<p>Le d\u00e9roulement type de nos s\u00e9ances est le suivant :<\/p>\n\n\n\n<ul class=\"wp-block-list\">\n<li>\u00c9chauffement progressif<\/li>\n\n\n\n<li>Exercices musculaires adapt\u00e9s \u00e0 la discipline<\/li>\n\n\n\n<li>Exercices \u00e0 th\u00e8mes destin\u00e9s \u00e0 d\u00e9couvrir\/perfectionner les encha\u00eenements et la technique<\/li>\n\n\n\n<li>Assauts libres souples pour mettre en pratique la technique<\/li>\n\n\n\n<li>Retour au calme avec des \u00e9tirements individuels et collectifs<\/li>\n\n\n\n<li>Chaque fin de s\u00e9ance se termine par le salut de boxe fran\u00e7aise<\/li>\n<\/ul>\n\n\n\n<figure class=\"wp-block-image size-large is-resized\"><img fetchpriority=\"high\" decoding=\"async\" width=\"1024\" height=\"768\" src=\"https:\/\/newolympicsavate.fr\/wp-content\/uploads\/2022\/09\/entrainement-1024x768.jpg\" alt=\"\" class=\"wp-image-151\" style=\"width:316px;height:237px\" srcset=\"https:\/\/newolympicsavate.fr\/wp-content\/uploads\/2022\/09\/entrainement-1024x768.jpg 1024w, https:\/\/newolympicsavate.fr\/wp-content\/uploads\/2022\/09\/entrainement-300x225.jpg 300w, https:\/\/newolympicsavate.fr\/wp-content\/uploads\/2022\/09\/entrainement-768x576.jpg 768w, https:\/\/newolympicsavate.fr\/wp-content\/uploads\/2022\/09\/entrainement-1536x1152.jpg 1536w, https:\/\/newolympicsavate.fr\/wp-content\/uploads\/2022\/09\/entrainement-16x12.jpg 16w, https:\/\/newolympicsavate.fr\/wp-content\/uploads\/2022\/09\/entrainement.jpg 1600w\" sizes=\"(max-width: 1024px) 100vw, 1024px\" \/><\/figure>\n\n\n\n<p>L&rsquo;ann\u00e9e est ponctu\u00e9e par les diff\u00e9rentes comp\u00e9titions, des inter-clubs et les passages de grades.<\/p>\n\n\n\n<h2 class=\"wp-block-heading has-large-font-size\" id=\"inspiro-is-a-digital-product-agency-that-focuses-on-strategy-and-design\" style=\"font-style:normal;font-weight:100\">Pr\u00e9sentation de l&rsquo;\u00e9quipe encadrante<\/h2>\n\n\n\n<div class=\"wp-block-group alignwide is-layout-flow wp-block-group-is-layout-flow\">\n<div class=\"wp-block-columns alignwide is-layout-flex wp-container-core-columns-is-layout-28f84493 wp-block-columns-is-layout-flex\">\n<div class=\"wp-block-column is-layout-flow wp-block-column-is-layout-flow\">\n<figure class=\"wp-block-image size-large is-resized\"><img decoding=\"async\" width=\"1005\" height=\"1024\" src=\"https:\/\/newolympicsavate.fr\/wp-content\/uploads\/2022\/09\/eric-1005x1024.jpg\" alt=\"\" class=\"wp-image-155\" style=\"width:127px;height:130px\" srcset=\"https:\/\/newolympicsavate.fr\/wp-content\/uploads\/2022\/09\/eric-1005x1024.jpg 1005w, https:\/\/newolympicsavate.fr\/wp-content\/uploads\/2022\/09\/eric-294x300.jpg 294w, https:\/\/newolympicsavate.fr\/wp-content\/uploads\/2022\/09\/eric-768x783.jpg 768w, https:\/\/newolympicsavate.fr\/wp-content\/uploads\/2022\/09\/eric-1507x1536.jpg 1507w, https:\/\/newolympicsavate.fr\/wp-content\/uploads\/2022\/09\/eric-12x12.jpg 12w, https:\/\/newolympicsavate.fr\/wp-content\/uploads\/2022\/09\/eric.jpg 1570w\" sizes=\"(max-width: 1005px) 100vw, 1005px\" \/><\/figure>\n\n\n\n<p class=\"has-black-color has-text-color has-medium-font-size\"><strong>\u00c9ric<\/strong><\/p>\n\n\n\n<p class=\"has-black-color has-text-color\" style=\"font-size:clamp(14px, 0.875rem + ((1vw - 3.2px) * 0.208), 16px);\">Professeur dipl\u00f4m\u00e9 d&rsquo;\u00e9tat. Champion et 2 fois vice champion de France. Ancien membre de l&rsquo;\u00e9quipe de France et ex-international Senior.<\/p>\n<\/div>\n\n\n\n<div class=\"wp-block-column is-layout-flow wp-block-column-is-layout-flow\">\n<figure class=\"wp-block-image size-full is-resized\"><img decoding=\"async\" width=\"624\" height=\"720\" src=\"https:\/\/newolympicsavate.fr\/wp-content\/uploads\/2022\/09\/portrait.png\" alt=\"\" class=\"wp-image-200\" style=\"width:103px;height:119px\" srcset=\"https:\/\/newolympicsavate.fr\/wp-content\/uploads\/2022\/09\/portrait.png 624w, https:\/\/newolympicsavate.fr\/wp-content\/uploads\/2022\/09\/portrait-260x300.png 260w, https:\/\/newolympicsavate.fr\/wp-content\/uploads\/2022\/09\/portrait-10x12.png 10w\" sizes=\"(max-width: 624px) 100vw, 624px\" \/><\/figure>\n\n\n\n<p class=\"has-black-color has-text-color has-medium-font-size\"><strong>Pascal<\/strong><\/p>\n\n\n\n<p class=\"has-black-color has-text-color\" style=\"font-size:clamp(14px, 0.875rem + ((1vw - 3.2px) * 0.208), 16px);\">Moniteur F\u00e9d\u00e9ral, gant d&rsquo;argent technique.<\/p>\n<\/div>\n\n\n\n<div class=\"wp-block-column is-layout-flow wp-block-column-is-layout-flow\">\n<figure class=\"wp-block-image size-full is-resized\"><img loading=\"lazy\" decoding=\"async\" width=\"366\" height=\"367\" src=\"https:\/\/newolympicsavate.fr\/wp-content\/uploads\/2022\/09\/Lou-1.jpg\" alt=\"\" class=\"wp-image-197\" style=\"width:122px;height:122px\" srcset=\"https:\/\/newolympicsavate.fr\/wp-content\/uploads\/2022\/09\/Lou-1.jpg 366w, https:\/\/newolympicsavate.fr\/wp-content\/uploads\/2022\/09\/Lou-1-300x300.jpg 300w, https:\/\/newolympicsavate.fr\/wp-content\/uploads\/2022\/09\/Lou-1-150x150.jpg 150w, https:\/\/newolympicsavate.fr\/wp-content\/uploads\/2022\/09\/Lou-1-12x12.jpg 12w\" sizes=\"(max-width: 366px) 100vw, 366px\" \/><\/figure>\n\n\n\n<p class=\"has-black-color has-text-color has-medium-font-size\"><strong>Lou<\/strong><\/p>\n\n\n\n<p class=\"has-black-color has-text-color\" style=\"font-size:clamp(14px, 0.875rem + ((1vw - 3.2px) * 0.208), 16px);\">Ancien coach d&rsquo;\u00c9ric. Accompagne les comp\u00e9titeurs lors des \u00e9v\u00e9nements.<\/p>\n<\/div>\n\n\n\n<div class=\"wp-block-column is-layout-flow wp-block-column-is-layout-flow\">\n<figure class=\"wp-block-image size-full is-resized\"><img loading=\"lazy\" decoding=\"async\" width=\"572\" height=\"572\" src=\"https:\/\/newolympicsavate.fr\/wp-content\/uploads\/2022\/09\/julien-2.jpg\" alt=\"\" class=\"wp-image-211\" style=\"width:115px;height:115px\" srcset=\"https:\/\/newolympicsavate.fr\/wp-content\/uploads\/2022\/09\/julien-2.jpg 572w, https:\/\/newolympicsavate.fr\/wp-content\/uploads\/2022\/09\/julien-2-300x300.jpg 300w, https:\/\/newolympicsavate.fr\/wp-content\/uploads\/2022\/09\/julien-2-150x150.jpg 150w, https:\/\/newolympicsavate.fr\/wp-content\/uploads\/2022\/09\/julien-2-12x12.jpg 12w\" sizes=\"(max-width: 572px) 100vw, 572px\" \/><\/figure>\n\n\n\n<p class=\"has-black-color has-text-color has-medium-font-size\"><strong>Julien<\/strong><\/p>\n\n\n\n<p style=\"font-size:clamp(14px, 0.875rem + ((1vw - 3.2px) * 0.208), 16px);\">Gant d&rsquo;argent technique<\/p>\n\n\n\n<p>Ceinture noire en kick-boxing<\/p>\n<\/div>\n<\/div>\n<\/div>\n\n\n\n<div class=\"wp-block-group alignwide is-layout-flow wp-block-group-is-layout-flow\">\n<div class=\"wp-block-columns alignwide is-layout-flex wp-container-core-columns-is-layout-28f84493 wp-block-columns-is-layout-flex\">\n<div class=\"wp-block-column is-layout-flow wp-block-column-is-layout-flow\">\n<figure class=\"wp-block-image size-full is-resized\"><img loading=\"lazy\" decoding=\"async\" width=\"228\" height=\"320\" src=\"https:\/\/newolympicsavate.fr\/wp-content\/uploads\/2022\/09\/jean-michel.jpg\" alt=\"\" class=\"wp-image-420\" style=\"width:103px;height:undefinedpx\" srcset=\"https:\/\/newolympicsavate.fr\/wp-content\/uploads\/2022\/09\/jean-michel.jpg 228w, https:\/\/newolympicsavate.fr\/wp-content\/uploads\/2022\/09\/jean-michel-214x300.jpg 214w, https:\/\/newolympicsavate.fr\/wp-content\/uploads\/2022\/09\/jean-michel-9x12.jpg 9w\" sizes=\"(max-width: 228px) 100vw, 228px\" \/><\/figure>\n\n\n\n<p class=\"has-black-color has-text-color has-medium-font-size\"><strong>Jean-Michel<\/strong><\/p>\n\n\n\n<p class=\"has-black-color has-text-color\" style=\"font-size:clamp(14px, 0.875rem + ((1vw - 3.2px) * 0.208), 16px);\">Brevet d&rsquo;Etat, gant d&rsquo;argent technique. Enseignant depuis plus de 30 ans. Cr\u00e9ation de 2 clubs entre 1994 et 2011 (BFS Ondaine -42 &amp; MJC St Rambert).<\/p>\n<\/div>\n\n\n\n<div class=\"wp-block-column is-layout-flow wp-block-column-is-layout-flow\">\n<figure class=\"wp-block-image size-full is-resized\"><img decoding=\"async\" width=\"624\" height=\"720\" src=\"https:\/\/newolympicsavate.fr\/wp-content\/uploads\/2022\/09\/portrait.png\" alt=\"\" class=\"wp-image-200\" style=\"width:103px;height:119px\" srcset=\"https:\/\/newolympicsavate.fr\/wp-content\/uploads\/2022\/09\/portrait.png 624w, https:\/\/newolympicsavate.fr\/wp-content\/uploads\/2022\/09\/portrait-260x300.png 260w, https:\/\/newolympicsavate.fr\/wp-content\/uploads\/2022\/09\/portrait-10x12.png 10w\" sizes=\"(max-width: 624px) 100vw, 624px\" \/><\/figure>\n\n\n\n<p class=\"has-black-color has-text-color has-medium-font-size\"><strong>Jacques<\/strong><\/p>\n\n\n\n<p class=\"has-black-color has-text-color\" style=\"font-size:clamp(14px, 0.875rem + ((1vw - 3.2px) * 0.208), 16px);\">Gant d&rsquo;argent technique<\/p>\n<\/div>\n\n\n\n<div class=\"wp-block-column is-layout-flow wp-block-column-is-layout-flow\">\n<figure class=\"wp-block-image size-large is-resized\"><img loading=\"lazy\" decoding=\"async\" width=\"919\" height=\"1024\" src=\"https:\/\/newolympicsavate.fr\/wp-content\/uploads\/2023\/09\/mickael-919x1024.jpeg\" alt=\"\" class=\"wp-image-818\" style=\"width:103px;height:119px\" srcset=\"https:\/\/newolympicsavate.fr\/wp-content\/uploads\/2023\/09\/mickael-919x1024.jpeg 919w, https:\/\/newolympicsavate.fr\/wp-content\/uploads\/2023\/09\/mickael-269x300.jpeg 269w, https:\/\/newolympicsavate.fr\/wp-content\/uploads\/2023\/09\/mickael-768x856.jpeg 768w, https:\/\/newolympicsavate.fr\/wp-content\/uploads\/2023\/09\/mickael-1378x1536.jpeg 1378w, https:\/\/newolympicsavate.fr\/wp-content\/uploads\/2023\/09\/mickael-11x12.jpeg 11w, https:\/\/newolympicsavate.fr\/wp-content\/uploads\/2023\/09\/mickael.jpeg 1837w\" sizes=\"(max-width: 919px) 100vw, 919px\" \/><\/figure>\n\n\n\n<p class=\"has-black-color has-text-color has-medium-font-size\"><strong>Mickael<\/strong><\/p>\n\n\n\n<p class=\"has-black-color has-text-color\" style=\"font-size:clamp(14px, 0.875rem + ((1vw - 3.2px) * 0.208), 16px);\">Moniteur F\u00e9d\u00e9ral FFSBFDA GAT 1<br>* M\u00e9daill\u00e9 d&rsquo;Argent Coupe du monde WAKO 2016 (Light contact)<br>* M\u00e9daill\u00e9 de Bronze   Championnat de France Full Contact Light 2016<br>* Champion AURA Full Contact Light<br>* Champion AURA Savate technique 2014<\/p>\n<\/div>\n\n\n\n<div class=\"wp-block-column is-layout-flow wp-block-column-is-layout-flow\">\n<figure class=\"wp-block-image size-full is-resized\"><img decoding=\"async\" width=\"624\" height=\"720\" src=\"https:\/\/newolympicsavate.fr\/wp-content\/uploads\/2022\/09\/portrait.png\" alt=\"\" class=\"wp-image-200\" style=\"width:103px;height:119px\" srcset=\"https:\/\/newolympicsavate.fr\/wp-content\/uploads\/2022\/09\/portrait.png 624w, https:\/\/newolympicsavate.fr\/wp-content\/uploads\/2022\/09\/portrait-260x300.png 260w, https:\/\/newolympicsavate.fr\/wp-content\/uploads\/2022\/09\/portrait-10x12.png 10w\" sizes=\"(max-width: 624px) 100vw, 624px\" \/><\/figure>\n\n\n\n<p class=\"has-black-color has-text-color has-medium-font-size\"><strong>Alice<\/strong><\/p>\n\n\n\n<p style=\"font-size:clamp(14px, 0.875rem + ((1vw - 3.2px) * 0.208), 16px);\">Gant blanc en savate<\/p>\n\n\n\n<p style=\"font-size:clamp(14px, 0.875rem + ((1vw - 3.2px) * 0.208), 16px);\">Gant bleu en kick-boxing<\/p>\n<\/div>\n<\/div>\n<\/div>\n\n\n\n<div class=\"wp-block-columns is-layout-flex wp-container-core-columns-is-layout-28f84493 wp-block-columns-is-layout-flex\">\n<div class=\"wp-block-column is-layout-flow wp-block-column-is-layout-flow\" style=\"flex-basis:100%\">\n<h2 class=\"wp-block-heading has-text-align-center\">Histoire du New Olympic Savate<\/h2>\n\n\n\n<figure class=\"wp-block-image alignleft size-large is-resized\"><img loading=\"lazy\" decoding=\"async\" width=\"683\" height=\"1024\" src=\"https:\/\/newolympicsavate.fr\/wp-content\/uploads\/2022\/09\/vieux_gants-683x1024.jpg\" alt=\"\" class=\"wp-image-141\" style=\"width:176px;height:263px\" srcset=\"https:\/\/newolympicsavate.fr\/wp-content\/uploads\/2022\/09\/vieux_gants-683x1024.jpg 683w, https:\/\/newolympicsavate.fr\/wp-content\/uploads\/2022\/09\/vieux_gants-200x300.jpg 200w, https:\/\/newolympicsavate.fr\/wp-content\/uploads\/2022\/09\/vieux_gants-768x1152.jpg 768w, https:\/\/newolympicsavate.fr\/wp-content\/uploads\/2022\/09\/vieux_gants-8x12.jpg 8w, https:\/\/newolympicsavate.fr\/wp-content\/uploads\/2022\/09\/vieux_gants.jpg 1000w\" sizes=\"(max-width: 683px) 100vw, 683px\" \/><\/figure>\n\n\n\n<p class=\"has-text-align-center\">Le club de Savate boxe fran\u00e7aise a \u00e9t\u00e9 cr\u00e9e en 1987 sous l&rsquo;impulsion de Jo\u00ebl Lamothe, professeur dipl\u00f4m\u00e9 d&rsquo;\u00e9tat, athl\u00e8te de haut niveau en savate boxe fran\u00e7aise et Kickboxing. <\/p>\n\n\n\n<p class=\"has-text-align-center\">Le club \u00e0 cette \u00e9poque se nommait Olympique Boxe Fran\u00e7aise (O.B.F). Au cours des ann\u00e9es 1990 \u00e0 2000, Jo\u00ebl Lamothe a form\u00e9 trois boxeurs de haut niveau :<\/p>\n\n\n\n<p class=\"has-text-align-center\"><strong>Eric Tani\u00e8re, Gilbert Darme et Ludovic Fornest<\/strong>.<\/p>\n\n\n\n<p class=\"has-text-align-center\">En juin 2000, Jo\u00ebl Lamothe c\u00e8de le club \u00e0 une nouvelle \u00e9quipe de professeur qui renomme le club en : New Olympic Savate (N.O.S)<\/p>\n\n\n\n<div class=\"wp-block-columns is-layout-flex wp-container-core-columns-is-layout-28f84493 wp-block-columns-is-layout-flex\">\n<div class=\"wp-block-column is-layout-flow wp-block-column-is-layout-flow\" style=\"flex-basis:25%\"><\/div>\n\n\n\n<div class=\"wp-block-column is-layout-flow wp-block-column-is-layout-flow\" style=\"flex-basis:50%\">\n<figure class=\"wp-block-image aligncenter size-full is-resized\"><img loading=\"lazy\" decoding=\"async\" width=\"390\" height=\"520\" src=\"https:\/\/newolympicsavate.fr\/wp-content\/uploads\/2022\/10\/joel-lamothe.jpeg\" alt=\"\" class=\"wp-image-477\" style=\"width:340px;height:453px\" srcset=\"https:\/\/newolympicsavate.fr\/wp-content\/uploads\/2022\/10\/joel-lamothe.jpeg 390w, https:\/\/newolympicsavate.fr\/wp-content\/uploads\/2022\/10\/joel-lamothe-225x300.jpeg 225w, https:\/\/newolympicsavate.fr\/wp-content\/uploads\/2022\/10\/joel-lamothe-9x12.jpeg 9w\" sizes=\"(max-width: 390px) 100vw, 390px\" \/><figcaption class=\"wp-element-caption\">Jo\u00ebl Lamothe, fondateur du club.<\/figcaption><\/figure>\n<\/div>\n\n\n\n<div class=\"wp-block-column is-layout-flow wp-block-column-is-layout-flow\" style=\"flex-basis:25%\"><\/div>\n<\/div>\n<\/div>\n<\/div>\n","protected":false},"excerpt":{"rendered":"<p>Durant la saison New Olympic savate vous propose des cours de savate boxe fran\u00e7aise et kickboxing. Les s\u00e9ances sont ouvertes \u00e0 tous selon les niveaux : Le d\u00e9roulement type de nos s\u00e9ances est le suivant : L&rsquo;ann\u00e9e est ponctu\u00e9e par les diff\u00e9rentes comp\u00e9titions, des inter-clubs et les passages de grades. Pr\u00e9sentation de l&rsquo;\u00e9quipe encadrante \u00c9ric &hellip; <\/p>\n<p class=\"link-more\"><a href=\"https:\/\/newolympicsavate.fr\/?page_id=7\" class=\"more-link\">Lire la suite de<span class=\"screen-reader-text\">\u00ab\u00a0Le club\u00a0\u00bb<\/span><\/a><\/p>\n","protected":false},"author":1,"featured_media":127,"parent":0,"menu_order":0,"comment_status":"closed","ping_status":"closed","template":"","meta":{"ngg_post_thumbnail":0,"footnotes":""},"class_list":["post-7","page","type-page","status-publish","has-post-thumbnail","hentry"],"_links":{"self":[{"href":"https:\/\/newolympicsavate.fr\/index.php?rest_route=\/wp\/v2\/pages\/7","targetHints":{"allow":["GET"]}}],"collection":[{"href":"https:\/\/newolympicsavate.fr\/index.php?rest_route=\/wp\/v2\/pages"}],"about":[{"href":"https:\/\/newolympicsavate.fr\/index.php?rest_route=\/wp\/v2\/types\/page"}],"author":[{"embeddable":true,"href":"https:\/\/newolympicsavate.fr\/index.php?rest_route=\/wp\/v2\/users\/1"}],"replies":[{"embeddable":true,"href":"https:\/\/newolympicsavate.fr\/index.php?rest_route=%2Fwp%2Fv2%2Fcomments&post=7"}],"version-history":[{"count":77,"href":"https:\/\/newolympicsavate.fr\/index.php?rest_route=\/wp\/v2\/pages\/7\/revisions"}],"predecessor-version":[{"id":1382,"href":"https:\/\/newolympicsavate.fr\/index.php?rest_route=\/wp\/v2\/pages\/7\/revisions\/1382"}],"wp:featuredmedia":[{"embeddable":true,"href":"https:\/\/newolympicsavate.fr\/index.php?rest_route=\/wp\/v2\/media\/127"}],"wp:attachment":[{"href":"https:\/\/newolympicsavate.fr\/index.php?rest_route=%2Fwp%2Fv2%2Fmedia&parent=7"}],"curies":[{"name":"wp","href":"https:\/\/api.w.org\/{rel}","templated":true}]}}